{"id":849,"date":"2024-02-15T19:41:08","date_gmt":"2024-02-15T18:41:08","guid":{"rendered":"https:\/\/e-lux.es\/producto\/capucci\/"},"modified":"2024-02-29T11:39:54","modified_gmt":"2024-02-29T10:39:54","slug":"capucci","status":"publish","type":"product","link":"https:\/\/e-lux.es\/ca\/producto\/capucci\/","title":{"rendered":"Capuccino"},"content":{"rendered":"<p>[et_pb_section fb_built=&#8221;1&#8243; _builder_version=&#8221;4.16&#8243; custom_padding=&#8221;0px||||false|false&#8221; global_colors_info=&#8221;{}&#8221;][et_pb_row _builder_version=&#8221;4.16&#8243; background_size=&#8221;initial&#8221; background_position=&#8221;top_left&#8221; background_repeat=&#8221;repeat&#8221; width=&#8221;100%&#8221; custom_padding=&#8221;0px||0px||false|false&#8221; global_colors_info=&#8221;{}&#8221;][et_pb_column type=&#8221;4_4&#8243; _builder_version=&#8221;4.16&#8243; custom_padding=&#8221;|||&#8221; global_colors_info=&#8221;{}&#8221; custom_padding__hover=&#8221;|||&#8221;][et_pb_wc_breadcrumb _builder_version=&#8221;4.16&#8243; global_colors_info=&#8221;{}&#8221;][\/et_pb_wc_breadcrumb][et_pb_divider _builder_version=&#8221;4.23.4&#8243; _module_preset=&#8221;default&#8221; hover_enabled=&#8221;0&#8243; sticky_enabled=&#8221;0&#8243;][\/et_pb_divider][et_pb_wc_cart_notice _builder_version=&#8221;4.16&#8243; global_colors_info=&#8221;{}&#8221;][\/et_pb_wc_cart_notice][\/et_pb_column][\/et_pb_row][et_pb_row _builder_version=&#8221;4.16&#8243; background_size=&#8221;initial&#8221; background_position=&#8221;top_left&#8221; background_repeat=&#8221;repeat&#8221; width=&#8221;100%&#8221; custom_padding=&#8221;0px||||false|false&#8221; global_colors_info=&#8221;{}&#8221; column_structure=&#8221;1_2,1_2&#8243; custom_margin=&#8221;35px|auto||auto||&#8221;][et_pb_column type=&#8221;1_2&#8243; _builder_version=&#8221;4.16&#8243; custom_padding=&#8221;|||&#8221; global_colors_info=&#8221;{}&#8221; custom_padding__hover=&#8221;|||&#8221;][et_pb_wc_images _builder_version=&#8221;4.16&#8243; global_colors_info=&#8221;{}&#8221;][\/et_pb_wc_images][\/et_pb_column][et_pb_column type=&#8221;1_2&#8243; _builder_version=&#8221;4.16&#8243; custom_padding=&#8221;|||&#8221; global_colors_info=&#8221;{}&#8221; custom_padding__hover=&#8221;|||&#8221;][et_pb_wc_title _builder_version=&#8221;4.23.4&#8243; hover_enabled=&#8221;0&#8243; global_colors_info=&#8221;{}&#8221; header_text_color=&#8221;#000000&#8243; sticky_enabled=&#8221;0&#8243;][\/et_pb_wc_title][et_pb_wc_rating _builder_version=&#8221;4.16&#8243; global_colors_info=&#8221;{}&#8221;][\/et_pb_wc_rating][et_pb_wc_price _builder_version=&#8221;4.16&#8243; global_colors_info=&#8221;{}&#8221;][\/et_pb_wc_price][et_pb_wc_description _builder_version=&#8221;4.23.4&#8243; hover_enabled=&#8221;0&#8243; global_colors_info=&#8221;{}&#8221; body_text_color=&#8221;#000000&#8243; sticky_enabled=&#8221;0&#8243;][\/et_pb_wc_description][et_pb_wc_add_to_cart _builder_version=&#8221;4.23.4&#8243; hover_enabled=&#8221;0&#8243; global_colors_info=&#8221;{}&#8221; field_label_text_color=&#8221;#000000&#8243; custom_button=&#8221;on&#8221; button_text_size=&#8221;15px&#8221; button_text_color=&#8221;#000000&#8243; button_border_color=&#8221;#BF9039&#8243; button_border_radius=&#8221;100px&#8221; button_font=&#8221;|||on|||||&#8221; button_letter_spacing=&#8221;1px&#8221; sticky_enabled=&#8221;0&#8243;][\/et_pb_wc_add_to_cart][et_pb_wc_meta _builder_version=&#8221;4.16&#8243; global_colors_info=&#8221;{}&#8221;][\/et_pb_wc_meta][\/et_pb_column][\/et_pb_row][et_pb_row _builder_version=&#8221;4.16&#8243; background_size=&#8221;initial&#8221; background_position=&#8221;top_left&#8221; background_repeat=&#8221;repeat&#8221; width=&#8221;100%&#8221; global_colors_info=&#8221;{}&#8221;][et_pb_column type=&#8221;4_4&#8243; _builder_version=&#8221;4.16&#8243; custom_padding=&#8221;|||&#8221; global_colors_info=&#8221;{}&#8221; custom_padding__hover=&#8221;|||&#8221;][et_pb_divider _builder_version=&#8221;4.23.4&#8243; _module_preset=&#8221;default&#8221; hover_enabled=&#8221;0&#8243; sticky_enabled=&#8221;0&#8243;][\/et_pb_divider][et_pb_wc_related_products _builder_version=&#8221;4.23.4&#8243; _module_preset=&#8221;default&#8221; include_categories=&#8221;current&#8221; hover_enabled=&#8221;0&#8243; sticky_enabled=&#8221;0&#8243;][\/et_pb_wc_related_products][\/et_pb_column][\/et_pb_row][\/et_pb_section]<\/p>\n","protected":false},"excerpt":{"rendered":"<p>Una barreja complexa que d\u00f3na com a resultat una aroma equilibrada que combina aromes de caf\u00e8s amb subtils notes de xocolata.<\/p>\n<p><strong><mark style=\"background-color:#fcb900\" class=\"has-inline-color has-black-color\">Aquest producte nom\u00e9s es ven a distribu\u00efdors. El podeu trobar als estancs.<\/mark><\/strong><\/p>\n<p>Formats:  <br \/>\u00b7 3mg \/ml<br \/>\u00b7 6 mg\/ml<br \/>\u00b7 10 ml sense nicotina<br \/>\u00b7 12 mg\/ml<br \/>\u00b7 50 ml sense nicotina<\/p>\n","protected":false},"featured_media":759,"comment_status":"open","ping_status":"closed","template":"","meta":{"_et_pb_use_builder":"on","_et_pb_old_content":"","_et_gb_content_width":""},"product_brand":[],"product_cat":[50],"product_tag":[],"class_list":{"0":"post-849","1":"product","2":"type-product","3":"status-publish","4":"has-post-thumbnail","6":"product_cat-premium-e-liquid-ca","8":"first","9":"instock","10":"shipping-taxable","11":"product-type-simple"},"yoast_head":"<!-- This site is optimized with the Yoast SEO plugin v27.3 - https:\/\/yoast.com\/product\/yoast-seo-wordpress\/ -->\n<title>Capuccino - E-LUX<\/title>\n<meta name=\"robots\" content=\"index, follow, max-snippet:-1, max-image-preview:large, max-video-preview:-1\" \/>\n<link rel=\"canonical\" href=\"https:\/\/e-lux.es\/ca\/producto\/capucci\/\" \/>\n<meta property=\"og:locale\" content=\"ca_ES\" \/>\n<meta property=\"og:type\" content=\"article\" \/>\n<meta property=\"og:title\" content=\"Capuccino - E-LUX\" \/>\n<meta property=\"og:description\" content=\"Una barreja complexa que d\u00f3na com a resultat una aroma equilibrada que combina aromes de caf\u00e8s amb subtils notes de xocolata.Aquest producte nom\u00e9s es ven a distribu\u00efdors. El podeu trobar als estancs.Formats: \u00b7 3mg \/ml\u00b7 6 mg\/ml\u00b7 10 ml sense nicotina\u00b7 12 mg\/ml\u00b7 50 ml sense nicotina\" \/>\n<meta property=\"og:url\" content=\"https:\/\/e-lux.es\/ca\/producto\/capucci\/\" \/>\n<meta property=\"og:site_name\" content=\"E-LUX\" \/>\n<meta property=\"article:publisher\" content=\"https:\/\/www.facebook.com\/elux.innovation\" \/>\n<meta property=\"article:modified_time\" content=\"2024-02-29T10:39:54+00:00\" \/>\n<meta property=\"og:image\" content=\"https:\/\/e-lux.es\/wp-content\/uploads\/2024\/02\/0019_capuccino-3.jpg\" \/>\n\t<meta property=\"og:image:width\" content=\"800\" \/>\n\t<meta property=\"og:image:height\" content=\"800\" \/>\n\t<meta property=\"og:image:type\" content=\"image\/jpeg\" \/>\n<meta name=\"twitter:card\" content=\"summary_large_image\" \/>\n<meta name=\"twitter:site\" content=\"@Eluxinnovation\" \/>\n<meta name=\"twitter:label1\" content=\"Temps estimat de lectura\" \/>\n\t<meta name=\"twitter:data1\" content=\"2 minuts\" \/>\n<script type=\"application\/ld+json\" class=\"yoast-schema-graph\">{\"@context\":\"https:\\\/\\\/schema.org\",\"@graph\":[{\"@type\":\"WebPage\",\"@id\":\"https:\\\/\\\/e-lux.es\\\/ca\\\/producto\\\/capucci\\\/\",\"url\":\"https:\\\/\\\/e-lux.es\\\/ca\\\/producto\\\/capucci\\\/\",\"name\":\"Capuccino - E-LUX\",\"isPartOf\":{\"@id\":\"https:\\\/\\\/e-lux.es\\\/ca\\\/#website\"},\"primaryImageOfPage\":{\"@id\":\"https:\\\/\\\/e-lux.es\\\/ca\\\/producto\\\/capucci\\\/#primaryimage\"},\"image\":{\"@id\":\"https:\\\/\\\/e-lux.es\\\/ca\\\/producto\\\/capucci\\\/#primaryimage\"},\"thumbnailUrl\":\"https:\\\/\\\/e-lux.es\\\/wp-content\\\/uploads\\\/2024\\\/02\\\/0019_capuccino-3.jpg\",\"datePublished\":\"2024-02-15T18:41:08+00:00\",\"dateModified\":\"2024-02-29T10:39:54+00:00\",\"breadcrumb\":{\"@id\":\"https:\\\/\\\/e-lux.es\\\/ca\\\/producto\\\/capucci\\\/#breadcrumb\"},\"inLanguage\":\"ca\",\"potentialAction\":[{\"@type\":\"ReadAction\",\"target\":[\"https:\\\/\\\/e-lux.es\\\/ca\\\/producto\\\/capucci\\\/\"]}]},{\"@type\":\"ImageObject\",\"inLanguage\":\"ca\",\"@id\":\"https:\\\/\\\/e-lux.es\\\/ca\\\/producto\\\/capucci\\\/#primaryimage\",\"url\":\"https:\\\/\\\/e-lux.es\\\/wp-content\\\/uploads\\\/2024\\\/02\\\/0019_capuccino-3.jpg\",\"contentUrl\":\"https:\\\/\\\/e-lux.es\\\/wp-content\\\/uploads\\\/2024\\\/02\\\/0019_capuccino-3.jpg\",\"width\":800,\"height\":800},{\"@type\":\"BreadcrumbList\",\"@id\":\"https:\\\/\\\/e-lux.es\\\/ca\\\/producto\\\/capucci\\\/#breadcrumb\",\"itemListElement\":[{\"@type\":\"ListItem\",\"position\":1,\"name\":\"Portada\",\"item\":\"https:\\\/\\\/e-lux.es\\\/ca\\\/inici\\\/\"},{\"@type\":\"ListItem\",\"position\":2,\"name\":\"Botiga\",\"item\":\"https:\\\/\\\/e-lux.es\\\/ca\\\/tienda-2\\\/\"},{\"@type\":\"ListItem\",\"position\":3,\"name\":\"Capuccino\"}]},{\"@type\":\"WebSite\",\"@id\":\"https:\\\/\\\/e-lux.es\\\/ca\\\/#website\",\"url\":\"https:\\\/\\\/e-lux.es\\\/ca\\\/\",\"name\":\"E-LUX\",\"description\":\"Premium e-liquid &amp; Shisha\",\"publisher\":{\"@id\":\"https:\\\/\\\/e-lux.es\\\/ca\\\/#organization\"},\"potentialAction\":[{\"@type\":\"SearchAction\",\"target\":{\"@type\":\"EntryPoint\",\"urlTemplate\":\"https:\\\/\\\/e-lux.es\\\/ca\\\/?s={search_term_string}\"},\"query-input\":{\"@type\":\"PropertyValueSpecification\",\"valueRequired\":true,\"valueName\":\"search_term_string\"}}],\"inLanguage\":\"ca\"},{\"@type\":\"Organization\",\"@id\":\"https:\\\/\\\/e-lux.es\\\/ca\\\/#organization\",\"name\":\"E-liquids Innovation\",\"url\":\"https:\\\/\\\/e-lux.es\\\/ca\\\/\",\"logo\":{\"@type\":\"ImageObject\",\"inLanguage\":\"ca\",\"@id\":\"https:\\\/\\\/e-lux.es\\\/ca\\\/#\\\/schema\\\/logo\\\/image\\\/\",\"url\":\"https:\\\/\\\/e-lux.es\\\/wp-content\\\/uploads\\\/2024\\\/02\\\/e-lux-Mesa-de-trabajo-13.png\",\"contentUrl\":\"https:\\\/\\\/e-lux.es\\\/wp-content\\\/uploads\\\/2024\\\/02\\\/e-lux-Mesa-de-trabajo-13.png\",\"width\":522,\"height\":237,\"caption\":\"E-liquids Innovation\"},\"image\":{\"@id\":\"https:\\\/\\\/e-lux.es\\\/ca\\\/#\\\/schema\\\/logo\\\/image\\\/\"},\"sameAs\":[\"https:\\\/\\\/www.facebook.com\\\/elux.innovation\",\"https:\\\/\\\/x.com\\\/Eluxinnovation\",\"https:\\\/\\\/www.instagram.com\\\/eliquidinnovation\\\/\"]}]}<\/script>\n<!-- \/ Yoast SEO plugin. -->","yoast_head_json":{"title":"Capuccino - E-LUX","robots":{"index":"index","follow":"follow","max-snippet":"max-snippet:-1","max-image-preview":"max-image-preview:large","max-video-preview":"max-video-preview:-1"},"canonical":"https:\/\/e-lux.es\/ca\/producto\/capucci\/","og_locale":"ca_ES","og_type":"article","og_title":"Capuccino - E-LUX","og_description":"Una barreja complexa que d\u00f3na com a resultat una aroma equilibrada que combina aromes de caf\u00e8s amb subtils notes de xocolata.Aquest producte nom\u00e9s es ven a distribu\u00efdors. El podeu trobar als estancs.Formats: \u00b7 3mg \/ml\u00b7 6 mg\/ml\u00b7 10 ml sense nicotina\u00b7 12 mg\/ml\u00b7 50 ml sense nicotina","og_url":"https:\/\/e-lux.es\/ca\/producto\/capucci\/","og_site_name":"E-LUX","article_publisher":"https:\/\/www.facebook.com\/elux.innovation","article_modified_time":"2024-02-29T10:39:54+00:00","og_image":[{"width":800,"height":800,"url":"https:\/\/e-lux.es\/wp-content\/uploads\/2024\/02\/0019_capuccino-3.jpg","type":"image\/jpeg"}],"twitter_card":"summary_large_image","twitter_site":"@Eluxinnovation","twitter_misc":{"Temps estimat de lectura":"2 minuts"},"schema":{"@context":"https:\/\/schema.org","@graph":[{"@type":"WebPage","@id":"https:\/\/e-lux.es\/ca\/producto\/capucci\/","url":"https:\/\/e-lux.es\/ca\/producto\/capucci\/","name":"Capuccino - E-LUX","isPartOf":{"@id":"https:\/\/e-lux.es\/ca\/#website"},"primaryImageOfPage":{"@id":"https:\/\/e-lux.es\/ca\/producto\/capucci\/#primaryimage"},"image":{"@id":"https:\/\/e-lux.es\/ca\/producto\/capucci\/#primaryimage"},"thumbnailUrl":"https:\/\/e-lux.es\/wp-content\/uploads\/2024\/02\/0019_capuccino-3.jpg","datePublished":"2024-02-15T18:41:08+00:00","dateModified":"2024-02-29T10:39:54+00:00","breadcrumb":{"@id":"https:\/\/e-lux.es\/ca\/producto\/capucci\/#breadcrumb"},"inLanguage":"ca","potentialAction":[{"@type":"ReadAction","target":["https:\/\/e-lux.es\/ca\/producto\/capucci\/"]}]},{"@type":"ImageObject","inLanguage":"ca","@id":"https:\/\/e-lux.es\/ca\/producto\/capucci\/#primaryimage","url":"https:\/\/e-lux.es\/wp-content\/uploads\/2024\/02\/0019_capuccino-3.jpg","contentUrl":"https:\/\/e-lux.es\/wp-content\/uploads\/2024\/02\/0019_capuccino-3.jpg","width":800,"height":800},{"@type":"BreadcrumbList","@id":"https:\/\/e-lux.es\/ca\/producto\/capucci\/#breadcrumb","itemListElement":[{"@type":"ListItem","position":1,"name":"Portada","item":"https:\/\/e-lux.es\/ca\/inici\/"},{"@type":"ListItem","position":2,"name":"Botiga","item":"https:\/\/e-lux.es\/ca\/tienda-2\/"},{"@type":"ListItem","position":3,"name":"Capuccino"}]},{"@type":"WebSite","@id":"https:\/\/e-lux.es\/ca\/#website","url":"https:\/\/e-lux.es\/ca\/","name":"E-LUX","description":"Premium e-liquid &amp; Shisha","publisher":{"@id":"https:\/\/e-lux.es\/ca\/#organization"},"potentialAction":[{"@type":"SearchAction","target":{"@type":"EntryPoint","urlTemplate":"https:\/\/e-lux.es\/ca\/?s={search_term_string}"},"query-input":{"@type":"PropertyValueSpecification","valueRequired":true,"valueName":"search_term_string"}}],"inLanguage":"ca"},{"@type":"Organization","@id":"https:\/\/e-lux.es\/ca\/#organization","name":"E-liquids Innovation","url":"https:\/\/e-lux.es\/ca\/","logo":{"@type":"ImageObject","inLanguage":"ca","@id":"https:\/\/e-lux.es\/ca\/#\/schema\/logo\/image\/","url":"https:\/\/e-lux.es\/wp-content\/uploads\/2024\/02\/e-lux-Mesa-de-trabajo-13.png","contentUrl":"https:\/\/e-lux.es\/wp-content\/uploads\/2024\/02\/e-lux-Mesa-de-trabajo-13.png","width":522,"height":237,"caption":"E-liquids Innovation"},"image":{"@id":"https:\/\/e-lux.es\/ca\/#\/schema\/logo\/image\/"},"sameAs":["https:\/\/www.facebook.com\/elux.innovation","https:\/\/x.com\/Eluxinnovation","https:\/\/www.instagram.com\/eliquidinnovation\/"]}]}},"_links":{"self":[{"href":"https:\/\/e-lux.es\/ca\/wp-json\/wp\/v2\/product\/849","targetHints":{"allow":["GET"]}}],"collection":[{"href":"https:\/\/e-lux.es\/ca\/wp-json\/wp\/v2\/product"}],"about":[{"href":"https:\/\/e-lux.es\/ca\/wp-json\/wp\/v2\/types\/product"}],"replies":[{"embeddable":true,"href":"https:\/\/e-lux.es\/ca\/wp-json\/wp\/v2\/comments?post=849"}],"wp:featuredmedia":[{"embeddable":true,"href":"https:\/\/e-lux.es\/ca\/wp-json\/wp\/v2\/media\/759"}],"wp:attachment":[{"href":"https:\/\/e-lux.es\/ca\/wp-json\/wp\/v2\/media?parent=849"}],"wp:term":[{"taxonomy":"product_brand","embeddable":true,"href":"https:\/\/e-lux.es\/ca\/wp-json\/wp\/v2\/product_brand?post=849"},{"taxonomy":"product_cat","embeddable":true,"href":"https:\/\/e-lux.es\/ca\/wp-json\/wp\/v2\/product_cat?post=849"},{"taxonomy":"product_tag","embeddable":true,"href":"https:\/\/e-lux.es\/ca\/wp-json\/wp\/v2\/product_tag?post=849"}],"curies":[{"name":"wp","href":"https:\/\/api.w.org\/{rel}","templated":true}]}}